{"id":4,"date":"2016-09-12T08:33:47","date_gmt":"2016-09-12T08:33:47","guid":{"rendered":"https:\/\/odgracimy.pl\/?page_id=4"},"modified":"2025-11-25T19:55:52","modified_gmt":"2025-11-25T19:55:52","slug":"home-1","status":"publish","type":"page","link":"https:\/\/odgracimy.pl\/","title":{"rendered":"Home 1"},"content":{"rendered":"<div class=\"wpb-content-wrapper\"><p>[vc_row full_width=&#8221;stretch_row_content_no_spaces&#8221;][vc_column]<div class=\"columns_wrap sc_columns columns_nofluid no_margins sc_columns_count_3\" data-equal-height=\".sc_column_item\"><div class=\"column-1_3 sc_column_item sc_column_item_1 odd first\" data-animation=\"animated fadeInLeft normal\"><div class=\"sc_section section_style_promo_section\" style=\"background-image:url(https:\/\/odgracimy.pl\/wp-content\/uploads\/2016\/09\/banner-3.jpg);background-repeat:repeat;\"><div class=\"sc_section_inner\"><div class=\"sc_section_overlay\" style=\"\"><div class=\"sc_section_content padding_on\" style=\"\"><h3 class=\"sc_section_title sc_item_title sc_item_title_without_descr\">Utylizacja<\/h3><div class=\"sc_section_descr sc_item_descr\">Odbieramy stare meble i odpady, zapewniaj\u0105c ich legaln\u0105 i bezpieczn\u0105 utylizacj\u0119.<\/div><div class=\"sc_section_content_wrap\"><\/div><div class=\"sc_section_button sc_item_button\"><a href=\"\/utylizacja?\" class=\"sc_button sc_button_square sc_button_style_filled sc_button_size_large\">Wi\u0119cej<\/a><\/div><\/div><\/div><\/div><\/div><\/div><div class=\"column-1_3 sc_column_item sc_column_item_2 even\" data-animation=\"animated fadeInUp normal\"><div class=\"sc_section section_style_promo_section\" style=\"background-image:url(https:\/\/odgracimy.pl\/wp-content\/uploads\/2016\/09\/banner-2.jpg);background-repeat:repeat;\"><div class=\"sc_section_inner\"><div class=\"sc_section_overlay\" style=\"\"><div class=\"sc_section_content padding_on\" style=\"\"><h3 class=\"sc_section_title sc_item_title sc_item_title_without_descr\">Opr\u00f3\u017cnianie<\/h3><div class=\"sc_section_descr sc_item_descr\">Szybko i sprawnie usuwamy niepotrzebne rzeczy z mieszka\u0144, piwnic i strych\u00f3w.<\/div><div class=\"sc_section_content_wrap\"><\/div><div class=\"sc_section_button sc_item_button\"><a href=\"\/opr\u00f3\u017cnianie\" class=\"sc_button sc_button_square sc_button_style_filled sc_button_size_large\">wi\u0119cej<\/a><\/div><\/div><\/div><\/div><\/div><\/div><div class=\"column-1_3 sc_column_item sc_column_item_3 odd\" data-animation=\"animated fadeInRight normal\"><div class=\"sc_section section_style_promo_section\" style=\"background-image:url(https:\/\/odgracimy.pl\/wp-content\/uploads\/2025\/11\/odgracimy-10.jpg);background-repeat:repeat;\"><div class=\"sc_section_inner\"><div class=\"sc_section_overlay\" style=\"\"><div class=\"sc_section_content padding_on\" style=\"\"><h3 class=\"sc_section_title sc_item_title sc_item_title_without_descr\">Transport<\/h3><div class=\"sc_section_descr sc_item_descr\">Dysponujemy w\u0142asnymi pojazdami aby zadanie przebieg\u0142o jak najsprawniej.<\/div><div class=\"sc_section_content_wrap\"><\/div><div class=\"sc_section_button sc_item_button\"><a href=\"\/transport\" class=\"sc_button sc_button_square sc_button_style_filled sc_button_size_large\">Wi\u0119cej<\/a><\/div><\/div><\/div><\/div><\/div><\/div><\/div>[\/vc_column][\/vc_row][vc_row css=&#8221;.vc_custom_1474275685317{margin-top: 6.95rem !important;margin-bottom: 7rem !important;}&#8221;][vc_column css=&#8221;.vc_custom_1474275433026{background-image: url(https:\/\/odgracimy.pl\/wp-content\/uploads\/2016\/09\/promo.jpg?id=565) !important;background-position: 0 0 !important;background-repeat: no-repeat !important;}&#8221;]<div class=\"columns_wrap sc_columns columns_nofluid no_margins sc_columns_count_12\" data-animation=\"animated fadeIn normal\"><div class=\"column-5_12 sc_column_item sc_column_item_1 odd first span_5\"><div class=\"sc_section section_style_call_section\"><div class=\"sc_section_inner\"><h6 class=\"sc_section_subtitle sc_item_subtitle\">welcome<\/h6><h3 class=\"sc_section_title sc_item_title sc_item_title_without_descr\">who we are?<\/h3><div class=\"sc_section_descr sc_item_descr\">Alloys are mixtures of a metal and other elements. They generally provide greater strength over pure metals, which are usually much softer and more ductile. Alloys of aluminium or magnesium are typically lighter.<\/div><div class=\"sc_section_content_wrap\"><\/div><div class=\"sc_section_button sc_item_button\"><a href=\"\/about-style-1\/\" class=\"sc_button sc_button_square sc_button_style_filled sc_button_size_large\">learn more<\/a><\/div><\/div><\/div><\/div><div class=\"column-7_12 sc_column_item sc_column_item_6 even span_7\"><\/div><\/div>[vc_empty_space height=&#8221;64px&#8221;][\/vc_column][\/vc_row][vc_row full_width=&#8221;stretch_row&#8221; parallax=&#8221;content-moving&#8221; parallax_image=&#8221;577&#8243; parallax_speed_bg=&#8221;2&#8243; inverse=&#8221;yes&#8221;][vc_column css=&#8221;.vc_custom_1474276738020{margin-bottom: 0.85rem !important;}&#8221;]<div class=\"sc_section margin_bottom_huge\" data-animation=\"animated fadeInUp normal\"><div class=\"sc_section_inner\"><div class=\"sc_section_content_wrap\"><h2 class=\"sc_title sc_title_regular sc_align_center margin_top_huge margin_bottom_null\" style=\"text-align:center;color:#ffffff;\">Easy wheel &amp; tire finder<\/h2>[vc_empty_space height=&#8221;1.55rem&#8221;]<h6 class=\"sc_title sc_title_regular sc_align_center margin_top_null margin_bottom_small\" style=\"text-align:center;color:#ffffff;\">So we can show you the tyres and wheels that fit your vehicle.<\/h6><\/div><\/div><\/div>[\/vc_column][\/vc_row][vc_row full_width=&#8221;stretch_row&#8221; css=&#8221;.vc_custom_1473768620907{background-color: #f2f3f3 !important;}&#8221;][vc_column css=&#8221;.vc_custom_1474276997987{margin-bottom: 1.25rem !important;}&#8221;]<div id=\"sc_services_260103018_wrap\" class=\"sc_services_wrap\"><div id=\"sc_services_260103018\" class=\"sc_services sc_services_style_services-1 sc_services_type_images  margin_top_large margin_bottom_large\" style=\"width:100%;\" data-animation=\"animated fadeInUp normal\"><h6 class=\"sc_services_subtitle sc_item_subtitle\">services<\/h6><h3 class=\"sc_services_title sc_item_title sc_item_title_without_descr\">what we offer<\/h3><div class=\"sc_columns columns_wrap\"><div class=\"column-1_3 column_padding_bottom\">\t\t\t<div id=\"sc_services_260103018_1\"\t\t\t\tclass=\"sc_services_item sc_services_item_1 odd first\"\n\t\t\t\t>\n\t\t\t\t\t\t\t\t\t<div class=\"sc_services_item_featured post_featured\">\n\t\t\t\t\t\t\t<div class=\"post_thumb\" data-image=\"https:\/\/odgracimy.pl\/wp-content\/uploads\/2016\/09\/service-1.jpg\" data-title=\"Multiple Options\">\n\t<a class=\"hover_icon hover_icon_link\" href=\"https:\/\/odgracimy.pl\/index.php\/services\/multiple-options\/\"><img loading=\"lazy\" decoding=\"async\" class=\"wp-post-image\" width=\"370\" height=\"255\" alt=\"Multiple Options\" src=\"https:\/\/odgracimy.pl\/wp-content\/uploads\/2016\/09\/service-1-370x255.jpg\"><\/a>\t<\/div>\n\t\t\t\t\t\t<\/div>\n\t\t\t\t\t\t\t\t\t<div class=\"sc_services_item_content\">\n\t\t\t\t\t<h4 class=\"sc_services_item_title\"><a href=\"https:\/\/odgracimy.pl\/index.php\/services\/multiple-options\/\">Multiple Options<\/a><\/h4>\n\t\t\t\t\t<div class=\"sc_services_item_description\">\n\t\t\t\t\t\t<p>In our store you can find tons of premium quality wheels and tires, from simple factory\/alloy to custom painted ones. Enjoy!<\/p><a href=\"https:\/\/odgracimy.pl\/index.php\/services\/multiple-options\/\" class=\"sc_button sc_button_square sc_button_style_filled_dark sc_button_size_small\">learn more<\/a>\t\t\t\t\t<\/div>\n\t\t\t\t<\/div>\n\t\t\t<\/div>\n\t\t<\/div><div class=\"column-1_3 column_padding_bottom\">\t\t\t<div id=\"sc_services_260103018_2\"\t\t\t\tclass=\"sc_services_item sc_services_item_2 even\"\n\t\t\t\t>\n\t\t\t\t\t\t\t\t\t<div class=\"sc_services_item_featured post_featured\">\n\t\t\t\t\t\t\t<div class=\"post_thumb\" data-image=\"https:\/\/odgracimy.pl\/wp-content\/uploads\/2016\/09\/service-2.jpg\" data-title=\"Deliver &#038; Install\">\n\t<a class=\"hover_icon hover_icon_link\" href=\"https:\/\/odgracimy.pl\/index.php\/services\/deliver-install\/\"><img loading=\"lazy\" decoding=\"async\" class=\"wp-post-image\" width=\"370\" height=\"255\" alt=\"Deliver &#038; Install\" src=\"https:\/\/odgracimy.pl\/wp-content\/uploads\/2016\/09\/service-2-370x255.jpg\"><\/a>\t<\/div>\n\t\t\t\t\t\t<\/div>\n\t\t\t\t\t\t\t\t\t<div class=\"sc_services_item_content\">\n\t\t\t\t\t<h4 class=\"sc_services_item_title\"><a href=\"https:\/\/odgracimy.pl\/index.php\/services\/deliver-install\/\">Deliver &#038; Install<\/a><\/h4>\n\t\t\t\t\t<div class=\"sc_services_item_description\">\n\t\t\t\t\t\t<p>You get to enjoy a super fast and hassle free delivery. Additionaly, upon delivering the wheels &#038; tires, we offer free installation.<\/p><a href=\"https:\/\/odgracimy.pl\/index.php\/services\/deliver-install\/\" class=\"sc_button sc_button_square sc_button_style_filled_dark sc_button_size_small\">learn more<\/a>\t\t\t\t\t<\/div>\n\t\t\t\t<\/div>\n\t\t\t<\/div>\n\t\t<\/div><div class=\"column-1_3 column_padding_bottom\">\t\t\t<div id=\"sc_services_260103018_3\"\t\t\t\tclass=\"sc_services_item sc_services_item_3 odd\"\n\t\t\t\t>\n\t\t\t\t\t\t\t\t\t<div class=\"sc_services_item_featured post_featured\">\n\t\t\t\t\t\t\t<div class=\"post_thumb\" data-image=\"https:\/\/odgracimy.pl\/wp-content\/uploads\/2016\/09\/service-3.jpg\" data-title=\"Service &#038; Repairs\">\n\t<a class=\"hover_icon hover_icon_link\" href=\"https:\/\/odgracimy.pl\/index.php\/services\/service-repairs\/\"><img loading=\"lazy\" decoding=\"async\" class=\"wp-post-image\" width=\"370\" height=\"255\" alt=\"Service &#038; Repairs\" src=\"https:\/\/odgracimy.pl\/wp-content\/uploads\/2016\/09\/service-3-370x255.jpg\"><\/a>\t<\/div>\n\t\t\t\t\t\t<\/div>\n\t\t\t\t\t\t\t\t\t<div class=\"sc_services_item_content\">\n\t\t\t\t\t<h4 class=\"sc_services_item_title\"><a href=\"https:\/\/odgracimy.pl\/index.php\/services\/service-repairs\/\">Service &#038; Repairs<\/a><\/h4>\n\t\t\t\t\t<div class=\"sc_services_item_description\">\n\t\t\t\t\t\t<p>We offer the widest range of wheel and tire repair services: from visual examination to determine the issue to the full recovery.<\/p><a href=\"https:\/\/odgracimy.pl\/index.php\/services\/service-repairs\/\" class=\"sc_button sc_button_square sc_button_style_filled_dark sc_button_size_small\">learn more<\/a>\t\t\t\t\t<\/div>\n\t\t\t\t<\/div>\n\t\t\t<\/div>\n\t\t<\/div><\/div><\/div><!-- \/.sc_services --><\/div><!-- \/.sc_services_wrap -->[\/vc_column][\/vc_row][vc_row][vc_column css=&#8221;.vc_custom_1474034350441{margin-bottom: 3.45rem !important;}&#8221;]<div id=\"sc_services_1011071885_wrap\" class=\"sc_services_wrap\"><div id=\"sc_services_1011071885\" class=\"sc_services sc_services_style_services-5 sc_services_type_numbers  margin_bottom_huge\" style=\"width:100%;\" data-animation=\"animated fadeInUp normal\"><h6 class=\"sc_services_subtitle sc_item_subtitle\">advantages<\/h6><h3 class=\"sc_services_title sc_item_title sc_item_title_without_descr\">Why choose us<\/h3><div class=\"sc_service_container sc_align_\"><div class=\"sc_services_image\"><img decoding=\"async\" src=\"https:\/\/odgracimy.pl\/wp-content\/uploads\/2016\/09\/about_x2.jpg\" alt=\"about_x2\"><\/div><div class=\"sc_columns columns_wrap\"><div class=\"column-1_2 column_padding_bottom\">\t\t\t<div id=\"sc_services_1011071885_1\"\t\t\t\tclass=\"sc_services_item sc_services_item_1 odd first\"\n\t\t\t\t>\n\t\t\t\t<a href=\"https:\/\/odgracimy.pl\/index.php\/services\/fast-low-cost-freight\/\"><span class=\"sc_icon icon-book-open\"><\/span><\/a>\t\t\t\t<div class=\"sc_services_item_content\">\n\t\t\t\t\t<h4 class=\"sc_services_item_title\"><a href=\"https:\/\/odgracimy.pl\/index.php\/services\/fast-low-cost-freight\/\">Fast Low Cost Freight<\/a><\/h4>\n\t\t\t\t\t<div class=\"sc_services_item_description\">\n\t\t\t\t\t\t<p>Test drive with our items on is an amazing experience.<\/p>\t\t\t\t\t<\/div>\n\t\t\t\t<\/div>\n\t\t\t<\/div>\n\t\t<\/div><div class=\"column-1_2 column_padding_bottom\">\t\t\t<div id=\"sc_services_1011071885_2\"\t\t\t\tclass=\"sc_services_item sc_services_item_2 even\"\n\t\t\t\t>\n\t\t\t\t<a href=\"https:\/\/odgracimy.pl\/index.php\/services\/customer-service\/\"><span class=\"sc_icon icon-book-open\"><\/span><\/a>\t\t\t\t<div class=\"sc_services_item_content\">\n\t\t\t\t\t<h4 class=\"sc_services_item_title\"><a href=\"https:\/\/odgracimy.pl\/index.php\/services\/customer-service\/\">Customer Service<\/a><\/h4>\n\t\t\t\t\t<div class=\"sc_services_item_description\">\n\t\t\t\t\t\t<p>Our professional team will help you choose perfect parts.<\/p>\t\t\t\t\t<\/div>\n\t\t\t\t<\/div>\n\t\t\t<\/div>\n\t\t<\/div><div class=\"column-1_2 column_padding_bottom\">\t\t\t<div id=\"sc_services_1011071885_3\"\t\t\t\tclass=\"sc_services_item sc_services_item_3 odd\"\n\t\t\t\t>\n\t\t\t\t<a href=\"https:\/\/odgracimy.pl\/index.php\/services\/largest-range\/\"><span class=\"sc_icon icon-book-open\"><\/span><\/a>\t\t\t\t<div class=\"sc_services_item_content\">\n\t\t\t\t\t<h4 class=\"sc_services_item_title\"><a href=\"https:\/\/odgracimy.pl\/index.php\/services\/largest-range\/\">Largest Range<\/a><\/h4>\n\t\t\t\t\t<div class=\"sc_services_item_description\">\n\t\t\t\t\t\t<p>We offer installation services of the best premium parts.<\/p>\t\t\t\t\t<\/div>\n\t\t\t\t<\/div>\n\t\t\t<\/div>\n\t\t<\/div><div class=\"column-1_2 column_padding_bottom\">\t\t\t<div id=\"sc_services_1011071885_4\"\t\t\t\tclass=\"sc_services_item sc_services_item_4 even\"\n\t\t\t\t>\n\t\t\t\t<a href=\"https:\/\/odgracimy.pl\/index.php\/services\/25-years-in-business\/\"><span class=\"sc_icon icon-book-open\"><\/span><\/a>\t\t\t\t<div class=\"sc_services_item_content\">\n\t\t\t\t\t<h4 class=\"sc_services_item_title\"><a href=\"https:\/\/odgracimy.pl\/index.php\/services\/25-years-in-business\/\">25 Years in Business<\/a><\/h4>\n\t\t\t\t\t<div class=\"sc_services_item_description\">\n\t\t\t\t\t\t<p>You will find anything and everything for any type of vehicle.<\/p>\t\t\t\t\t<\/div>\n\t\t\t\t<\/div>\n\t\t\t<\/div>\n\t\t<\/div><\/div><\/div><\/div><!-- \/.sc_services --><\/div><!-- \/.sc_services_wrap -->[\/vc_column][\/vc_row][vc_row][vc_column css=&#8221;.vc_custom_1474278076493{margin-top: 0.8rem !important;margin-bottom: 0.9rem !important;}&#8221;]<div class=\"sc_section sc_section_block margin_top_huge margin_bottom_huge\"><div class=\"sc_section_inner\"><div class=\"sc_section_content_wrap\"><div class=\"columns_wrap sc_columns columns_nofluid sc_columns_count_2\"><div class=\"column-1_2 sc_column_item sc_column_item_1 odd first\" data-animation=\"animated fadeInLeft normal\"><div  class=\"sc_intro\" style=\"background: url(https:\/\/odgracimy.pl\/wp-content\/uploads\/2016\/09\/banner_1-scaled.jpg);\"><div class=\"sc_intro_inner  sc_intro_style_4\"><div class=\"sc_intro_content\"><h2 class=\"sc_intro_title\">100% guarantee!<\/h2><div class=\"sc_intro_descr\">We guarantee that the products you have purchased will fit your vehicle.<\/div><\/div><\/div><\/div><\/div><div class=\"column-1_2 sc_column_item sc_column_item_2 even\" data-animation=\"animated fadeInRight normal\"><div  class=\"sc_intro\" style=\"background: url(https:\/\/odgracimy.pl\/wp-content\/uploads\/2016\/09\/banner_2-scaled.jpg);\"><div class=\"sc_intro_inner  sc_intro_style_4\"><div class=\"sc_intro_content\"><h2 class=\"sc_intro_title\">Tire check tuesday<\/h2><div class=\"sc_intro_descr\">Sing up for a free ``TYRE CHECK TUESDAY`` SMS reminder.<\/div><\/div><\/div><\/div><\/div><\/div><\/div><\/div><\/div>[\/vc_column][\/vc_row][vc_row full_width=&#8221;stretch_row&#8221; parallax=&#8221;content-moving&#8221; parallax_image=&#8221;486&#8243; inverse=&#8221;yes&#8221;][vc_column css=&#8221;.vc_custom_1474021578331{margin-bottom: 0.75rem !important;}&#8221;]<div class=\"sc_section margin_top_large margin_bottom_huge aligncenter\" data-animation=\"animated fadeInUp normal\" style=\"max-width: 630px;\"><div class=\"sc_section_inner\"><div class=\"sc_section_content_wrap\"><h2 class=\"sc_title sc_title_regular sc_align_center\" style=\"margin-top: 2.32em;line-height: 1.2;margin-bottom: 1.95rem;text-align:center;color:#ffffff;\">We test tires so you don&#8217;t have to<\/h2><h6 class=\"sc_title sc_title_regular\" style=\"margin: 1.85em auto 1.6em;max-width: 500px;line-height: 1.5;color:#ffffff;\">Over 500 tire tests to ensure you get the perfect tire for your vehicle.<\/h6><a href=\"\/gallery-cobbles\/\" class=\"sc_button sc_button_square sc_button_style_filled_light_hover sc_button_size_large\">watch other commercial<\/a><\/div><\/div><\/div>[\/vc_column][\/vc_row][vc_row full_width=&#8221;stretch_row&#8221; css=&#8221;.vc_custom_1473675002313{background-color: #f2f3f3 !important;}&#8221;][vc_column]<div id=\"sc_testimonials_2145012522\" class=\"sc_testimonials sc_testimonials_style_testimonials-1 \" style=\"width:100%;\"><h6 class=\"sc_testimonials_subtitle sc_item_subtitle\">OPINIE<\/h6><h3 class=\"sc_testimonials_title sc_item_title sc_item_title_without_descr\">Naszych klient\u00f3w<\/h3><div class=\"sc_columns columns_wrap\"><div class=\"column-1_3 column_padding_bottom\">\t\t\t<div id=\"sc_testimonials_2145012522_1\" class=\"sc_testimonial_item\">\n                <div class=\"sc_testimonial_items\">\n                                    <div class=\"sc_testimonial_image\"><img loading=\"lazy\" decoding=\"async\" class=\"wp-post-image\" width=\"370\" height=\"240\" alt=\"John Smith\" src=\"https:\/\/odgracimy.pl\/wp-content\/uploads\/2016\/09\/post-5-370x240.jpg\"><\/div>\n                \n                <div class=\"sc_testimonial_content\">All I needed for my car was a set of nice rims with good quality tires. I found everything here, in one place. Thanks\n\n                                            <div class=\"sc_testimonial_author\"><span class=\"sc_testimonial_author_name\">John Smith<\/span><\/div>\n                                    <\/div>\n                <\/div>\n\n\t\t\t<\/div>\n\t\t<\/div><div class=\"column-1_3 column_padding_bottom\">\t\t\t<div id=\"sc_testimonials_2145012522_2\" class=\"sc_testimonial_item\">\n                <div class=\"sc_testimonial_items\">\n                                    <div class=\"sc_testimonial_image\"><img loading=\"lazy\" decoding=\"async\" class=\"wp-post-image\" width=\"370\" height=\"240\" alt=\"Chris Phillips\" src=\"https:\/\/odgracimy.pl\/wp-content\/uploads\/2016\/09\/post-6-370x240.jpg\"><\/div>\n                \n                <div class=\"sc_testimonial_content\">I appreciate your help with installation, as well as fast delivery, individual approach and affordable cost. Thanks a lot!\n\n                                            <div class=\"sc_testimonial_author\"><span class=\"sc_testimonial_author_name\">Chris Phillips<\/span><\/div>\n                                    <\/div>\n                <\/div>\n\n\t\t\t<\/div>\n\t\t<\/div><div class=\"column-1_3 column_padding_bottom\">\t\t\t<div id=\"sc_testimonials_2145012522_3\" class=\"sc_testimonial_item\">\n                <div class=\"sc_testimonial_items\">\n                                    <div class=\"sc_testimonial_image\"><img loading=\"lazy\" decoding=\"async\" class=\"wp-post-image\" width=\"370\" height=\"240\" alt=\"Adam Jones\" src=\"https:\/\/odgracimy.pl\/wp-content\/uploads\/2016\/09\/post-1-370x240.jpg\"><\/div>\n                \n                <div class=\"sc_testimonial_content\">I loved the service, the range of products and the overall atmosphere in your store. You guys are real professionals.\n\n                                            <div class=\"sc_testimonial_author\"><span class=\"sc_testimonial_author_name\">Adam Jones<\/span><\/div>\n                                    <\/div>\n                <\/div>\n\n\t\t\t<\/div>\n\t\t<\/div><\/div><\/div><div class=\"sc_section margin_bottom_medium aligncenter\" data-animation=\"animated fadeInUp normal\"><div class=\"sc_section_inner\"><div class=\"sc_section_content_wrap\"><a href=\"https:\/\/odgracimy.pl\/our-services\/\" class=\"sc_button sc_button_square sc_button_style_filled sc_button_size_large margin_bottom_large  sc_button_iconed none\" style=\"color:#FFFFFF;background-color:#5AD348; border-color:#5AD348;\">Wi\u0119cej opinii<\/a><\/div><\/div><\/div>[\/vc_column][\/vc_row]<\/p>\n<\/div>","protected":false},"excerpt":{"rendered":"<p>[vc_row full_width=&#8221;stretch_row_content_no_spaces&#8221;][vc_column][\/vc_column][\/vc_row][vc_row css=&#8221;.vc_custom_1474275685317{margin-top: 6.95rem !important;margin-bottom: 7rem !important;}&#8221;][vc_column css=&#8221;.vc_custom_1474275433026{background-image: url(https:\/\/odgracimy.pl\/wp-content\/uploads\/2016\/09\/promo.jpg?id=565) !important;background-position: 0 0 !important;background-repeat: no-repeat !important;}&#8221;][vc_empty_space height=&#8221;64px&#8221;][\/vc_column][\/vc_row][vc_row full_width=&#8221;stretch_row&#8221; parallax=&#8221;content-moving&#8221; parallax_image=&#8221;577&#8243; parallax_speed_bg=&#8221;2&#8243; inverse=&#8221;yes&#8221;][vc_column css=&#8221;.vc_custom_1474276738020{margin-bottom: 0.85rem !important;}&#8221;][\/vc_column][\/vc_row][vc_row full_width=&#8221;stretch_row&#8221; css=&#8221;.vc_custom_1473768620907{background-color: #f2f3f3 !important;}&#8221;][vc_column css=&#8221;.vc_custom_1474276997987{margin-bottom: 1.25rem !important;}&#8221;][\/vc_column][\/vc_row][vc_row][vc_column css=&#8221;.vc_custom_1474034350441{margin-bottom: 3.45rem !important;}&#8221;][\/vc_column][\/vc_row][vc_row][vc_column css=&#8221;.vc_custom_1474278076493{margin-top: 0.8rem !important;margin-bottom: 0.9rem !important;}&#8221;][\/vc_column][\/vc_row][vc_row full_width=&#8221;stretch_row&#8221; parallax=&#8221;content-moving&#8221; parallax_image=&#8221;486&#8243; inverse=&#8221;yes&#8221;][vc_column css=&#8221;.vc_custom_1474021578331{margin-bottom: 0.75rem !important;}&#8221;][\/vc_column][\/vc_row][vc_row full_width=&#8221;stretch_row&#8221; css=&#8221;.vc_custom_1473675002313{background-color: #f2f3f3 !important;}&#8221;][vc_column][\/vc_column][\/vc_row]<\/p>\n","protected":false},"author":1,"featured_media":0,"parent":0,"menu_order":0,"comment_status":"closed","ping_status":"closed","template":"","meta":{"footnotes":""},"class_list":["post-4","page","type-page","status-publish","hentry"],"_links":{"self":[{"href":"https:\/\/odgracimy.pl\/index.php\/wp-json\/wp\/v2\/pages\/4","targetHints":{"allow":["GET"]}}],"collection":[{"href":"https:\/\/odgracimy.pl\/index.php\/wp-json\/wp\/v2\/pages"}],"about":[{"href":"https:\/\/odgracimy.pl\/index.php\/wp-json\/wp\/v2\/types\/page"}],"author":[{"embeddable":true,"href":"https:\/\/odgracimy.pl\/index.php\/wp-json\/wp\/v2\/users\/1"}],"replies":[{"embeddable":true,"href":"https:\/\/odgracimy.pl\/index.php\/wp-json\/wp\/v2\/comments?post=4"}],"version-history":[{"count":5,"href":"https:\/\/odgracimy.pl\/index.php\/wp-json\/wp\/v2\/pages\/4\/revisions"}],"predecessor-version":[{"id":881,"href":"https:\/\/odgracimy.pl\/index.php\/wp-json\/wp\/v2\/pages\/4\/revisions\/881"}],"wp:attachment":[{"href":"https:\/\/odgracimy.pl\/index.php\/wp-json\/wp\/v2\/media?parent=4"}],"curies":[{"name":"wp","href":"https:\/\/api.w.org\/{rel}","templated":true}]}}